{"id":48,"date":"2016-10-05T14:42:41","date_gmt":"2016-10-05T14:42:41","guid":{"rendered":"http:\/\/max-peissker.de\/?page_id=48"},"modified":"2016-10-06T07:27:58","modified_gmt":"2016-10-06T07:27:58","slug":"netzanschluss","status":"publish","type":"page","link":"https:\/\/max-peissker.de\/?page_id=48","title":{"rendered":"Netzanschluss"},"content":{"rendered":"<div align=\"justify\">Netzanschluss<\/div>\n<div align=\"justify\"><span style=\"font-size: small;\"><span style=\"font-size: small;\"><br \/>\n<strong>Allgemeine Bedingungen: <\/strong><\/span><\/span>Allgemeine Bedingungen (<a href=\"verordnungen.html\">NAV<\/a>):<\/div>\n<div align=\"justify\"><\/div>\n<p align=\"justify\"><span style=\"font-family: 'Bookman Old Style';\">Der Netzbetreiber Elektrizit\u00e4tswerk Max Pei\u00dfker ist ab dem 08.11.2006 verpflichtet, nach Ma\u00dfgabe der Niederspannungsanschlussverordnung (NAV) vom 01.11.2006 (BGBl. I S. 2477) jedermann an sein Stromversorgungsnetz anzuschlie\u00dfen und die Nutzung des Anschlusses zur Entnahme von Strom in Niederspannung zu gestatten.<\/span><\/p>\n<p align=\"justify\"><span style=\"font-family: 'Bookman Old Style';\">Diese Netzanschluss- und Anschlussnutzungsbedingungen gelten auch f\u00fcr alle Netzanschlussverh\u00e4ltnisse, die nach dem 12.07.2005 durch Erstanschluss von Grundst\u00fccken oder Erwerb von angeschlossenen Grundst\u00fccken auf der Grundlage der AVBEltV begr\u00fcndet worden sind, sowie f\u00fcr alle am 08.11.2006 bestehenden Anschlussnutzungsverh\u00e4ltnisse mit Letztverbrauchern, die einen Anschluss an das Stromversorgungsnetz zur Entnahme von Strom in Niederspannung nutzen.<\/span><\/p>\n<p align=\"justify\"><span style=\"font-family: 'Bookman Old Style';\">Die gesamten Netzanschluss- und Anschlussnutzungsbendingungen sind im Internet ver\u00f6ffentlicht und liegen in den Gesch\u00e4ftsr\u00e4umen des E-Werk Max Pei\u00dfker aus. Auf Verlangen werden sie den Anschlussnehmern und Anschlussnutzern unentgeltlich ausgeh\u00e4ndigt.<\/span><\/p>\n<p>Niederspannungsanschlussverordnung<br \/>\nVerordnung \u00fcber Allgemeine Bedingungen f\u00fcr die Elektrizit\u00e4tsversorgung von Tarifkunden (AVBEltV)<\/p>\n<p><a href=\"http:\/\/max-peissker.de\/?page_id=119\">Technische Mindestanforderungen<\/a>:<\/p>\n<p>Wir weisen darauf hin, das elektrische Anlagen, unter Einhaltung der VDE-Bestimmungen und der technischen Anschlussbedingungen (TAB) zu errichten sind.<\/p>\n<p><span style=\"font-family: 'Bookman Old Style'; font-size: small;\"><a href=\"http:\/\/max-peissker.de\/?page_id=121\">&#8211; \u00a7 29 Abs. 1 Satz 1 NAV<\/a><br \/>\nInformation \u00fcber Vertragsanpassungsm\u00f6glichkeiten gem. \u00a7 115 EnWG<\/span><\/p>\n<p>&nbsp;<\/p>\n<p>&nbsp;<\/p>\n<p>&nbsp;<\/p>\n","protected":false},"excerpt":{"rendered":"<p>Netzanschluss Allgemeine Bedingungen: Allgemeine Bedingungen (NAV): Der Netzbetreiber Elektrizit\u00e4tswerk Max Pei\u00dfker ist ab dem 08.11.2006 verpflichtet, nach Ma\u00dfgabe der Niederspannungsanschlussverordnung (NAV) vom 01.11.2006 (BGBl. I S. 2477) jedermann an sein <span class=\"readmore\"><a href=\"https:\/\/max-peissker.de\/?page_id=48\">Weiterlesen &#8230;<\/a><\/span><\/p>\n","protected":false},"author":1,"featured_media":0,"parent":32,"menu_order":0,"comment_status":"closed","ping_status":"closed","template":"","meta":[],"_links":{"self":[{"href":"https:\/\/max-peissker.de\/index.php?rest_route=\/wp\/v2\/pages\/48"}],"collection":[{"href":"https:\/\/max-peissker.de\/index.php?rest_route=\/wp\/v2\/pages"}],"about":[{"href":"https:\/\/max-peissker.de\/index.php?rest_route=\/wp\/v2\/types\/page"}],"author":[{"embeddable":true,"href":"https:\/\/max-peissker.de\/index.php?rest_route=\/wp\/v2\/users\/1"}],"replies":[{"embeddable":true,"href":"https:\/\/max-peissker.de\/index.php?rest_route=%2Fwp%2Fv2%2Fcomments&post=48"}],"version-history":[{"count":9,"href":"https:\/\/max-peissker.de\/index.php?rest_route=\/wp\/v2\/pages\/48\/revisions"}],"predecessor-version":[{"id":147,"href":"https:\/\/max-peissker.de\/index.php?rest_route=\/wp\/v2\/pages\/48\/revisions\/147"}],"up":[{"embeddable":true,"href":"https:\/\/max-peissker.de\/index.php?rest_route=\/wp\/v2\/pages\/32"}],"wp:attachment":[{"href":"https:\/\/max-peissker.de\/index.php?rest_route=%2Fwp%2Fv2%2Fmedia&parent=48"}],"curies":[{"name":"wp","href":"https:\/\/api.w.org\/{rel}","templated":true}]}}