{"id":2,"date":"2016-05-10T03:48:21","date_gmt":"2016-05-10T03:48:21","guid":{"rendered":"http:\/\/wp452m.a10-52-158-154.qa.plesk.ru\/wordpress\/?page_id=2"},"modified":"2016-10-22T09:29:26","modified_gmt":"2016-10-22T09:29:26","slug":"sample-page","status":"publish","type":"page","link":"https:\/\/max-peissker.de\/","title":{"rendered":"Herzlich Willkommen beim E-Werk Max Pei\u00dfker"},"content":{"rendered":"<p style=\"text-align: left;\" align=\"center\"><span style=\"color: #3399ff; font-family: 'Bookman Old Style'; font-size: large;\"><strong>E-Werk Max Pei\u00dfker und Eichicht<\/strong><\/span><\/p>\n<p style=\"text-align: left;\" align=\"center\"><span style=\"font-family: 'Bookman Old Style';\">zwei Dinge die zusammen geh\u00f6ren seit \u00fcber 100 Jahren.<\/span><\/p>\n<p style=\"text-align: left;\"><span style=\"font-family: 'Bookman Old Style';\">Wir sind ein traditionell gef\u00fchrtes Unternehmen mit dem Sinn zur nachhaltigen Energieversorgung.<\/span><\/p>\n<p style=\"text-align: left;\"><span style=\"font-family: 'Bookman Old Style';\">Mit Max Pei\u00dfker immer einen Schritt Voraus und dennoch Traditionell.<\/span><\/p>\n","protected":false},"excerpt":{"rendered":"<p>E-Werk Max Pei\u00dfker und Eichicht zwei Dinge die zusammen geh\u00f6ren seit \u00fcber 100 Jahren. Wir sind ein traditionell gef\u00fchrtes Unternehmen mit dem Sinn zur nachhaltigen Energieversorgung. Mit Max Pei\u00dfker immer <span class=\"readmore\"><a href=\"https:\/\/max-peissker.de\/\">Weiterlesen &#8230;<\/a><\/span><\/p>\n","protected":false},"author":1,"featured_media":0,"parent":0,"menu_order":0,"comment_status":"closed","ping_status":"open","template":"","meta":[],"_links":{"self":[{"href":"https:\/\/max-peissker.de\/index.php?rest_route=\/wp\/v2\/pages\/2"}],"collection":[{"href":"https:\/\/max-peissker.de\/index.php?rest_route=\/wp\/v2\/pages"}],"about":[{"href":"https:\/\/max-peissker.de\/index.php?rest_route=\/wp\/v2\/types\/page"}],"author":[{"embeddable":true,"href":"https:\/\/max-peissker.de\/index.php?rest_route=\/wp\/v2\/users\/1"}],"replies":[{"embeddable":true,"href":"https:\/\/max-peissker.de\/index.php?rest_route=%2Fwp%2Fv2%2Fcomments&post=2"}],"version-history":[{"count":6,"href":"https:\/\/max-peissker.de\/index.php?rest_route=\/wp\/v2\/pages\/2\/revisions"}],"predecessor-version":[{"id":198,"href":"https:\/\/max-peissker.de\/index.php?rest_route=\/wp\/v2\/pages\/2\/revisions\/198"}],"wp:attachment":[{"href":"https:\/\/max-peissker.de\/index.php?rest_route=%2Fwp%2Fv2%2Fmedia&parent=2"}],"curies":[{"name":"wp","href":"https:\/\/api.w.org\/{rel}","templated":true}]}}