{"id":194,"date":"2016-10-20T13:18:48","date_gmt":"2016-10-20T13:18:48","guid":{"rendered":"http:\/\/max-peissker.de\/?page_id=194"},"modified":"2016-10-22T13:12:36","modified_gmt":"2016-10-22T13:12:36","slug":"disclaimer","status":"publish","type":"page","link":"https:\/\/max-peissker.de\/?page_id=194","title":{"rendered":"Disclaimer"},"content":{"rendered":"<h1 id=\"h1TextPage\">Allgemeine Nutzungsbedingungen<\/h1>\n<section id=\"defaultContentSection\" class=\"textentry contentsection noPaddingBottom\">\n<div class=\"center\">\n<p>Das E-Werk Max Pei\u00dfker bem\u00fcht sich im Rahmen des Zumutbaren, auf dieser Website richtige und vollst\u00e4ndige Informationen zur Verf\u00fcgung zu stellen. Das E-Werk Max Pei\u00dfker\u00a0\u00fcbernimmt jedoch keine Haftung oder Garantie f\u00fcr die Aktualit\u00e4t, Richtigkeit und Vollst\u00e4ndigkeit der auf dieser Website bereitgestellten Informationen. Dies gilt auch f\u00fcr alle Verbindungen (\u201eLinks\u201c), auf die diese Website direkt oder indirekt verweist.\u00a0Das E-Werk Max Pei\u00dfker\u00a0ist f\u00fcr den Inhalt einer Seite, die mit einem solchen Link erreicht wird, nicht verantwortlich.\u00a0Das E-Werk Max-Pei\u00dfker\u00a0beh\u00e4lt sich das Recht vor, ohne vorherige Ank\u00fcndigung \u00c4nderungen oder Erg\u00e4nzungen der bereitgestellten Informationen vorzunehmen. Der Inhalt dieser Website ist urheberrechtlich gesch\u00fctzt.\u00a0Das E-Werk Max Pei\u00dfker\u00a0gew\u00e4hrt Ihnen jedoch das Recht, den auf dieser Website bereitgestellten Text ganz oder ausschnittsweise zu speichern und zu vervielf\u00e4ltigen. Aus Gr\u00fcnden des Urheberrechts ist allerdings die Speicherung und Vervielf\u00e4ltigung von Bildmaterial oder Grafiken aus dieser Website nicht gestattet. Die Informationen auf dieser Website sind weder eine Aufforderung zum Kauf noch gelten sie als Aufforderung zum sonstigen Handel mit Aktien.\u00a0Das E-Werk Max Pei\u00dfker\u00a0haftet nicht f\u00fcr direkte oder indirekte Sch\u00e4den, einschlie\u00dflich entgangenen Gewinns, die aufgrund von oder sonstwie in Verbindung mit Informationen entstehen, die auf dieser Website bereitgehalten werden.<\/p>\n<\/div>\n<\/section>\n","protected":false},"excerpt":{"rendered":"<p>Allgemeine Nutzungsbedingungen Das E-Werk Max Pei\u00dfker bem\u00fcht sich im Rahmen des Zumutbaren, auf dieser Website richtige und vollst\u00e4ndige Informationen zur Verf\u00fcgung zu stellen. Das E-Werk Max Pei\u00dfker\u00a0\u00fcbernimmt jedoch keine Haftung <span class=\"readmore\"><a href=\"https:\/\/max-peissker.de\/?page_id=194\">Weiterlesen &#8230;<\/a><\/span><\/p>\n","protected":false},"author":1,"featured_media":0,"parent":0,"menu_order":0,"comment_status":"closed","ping_status":"closed","template":"","meta":[],"_links":{"self":[{"href":"https:\/\/max-peissker.de\/index.php?rest_route=\/wp\/v2\/pages\/194"}],"collection":[{"href":"https:\/\/max-peissker.de\/index.php?rest_route=\/wp\/v2\/pages"}],"about":[{"href":"https:\/\/max-peissker.de\/index.php?rest_route=\/wp\/v2\/types\/page"}],"author":[{"embeddable":true,"href":"https:\/\/max-peissker.de\/index.php?rest_route=\/wp\/v2\/users\/1"}],"replies":[{"embeddable":true,"href":"https:\/\/max-peissker.de\/index.php?rest_route=%2Fwp%2Fv2%2Fcomments&post=194"}],"version-history":[{"count":3,"href":"https:\/\/max-peissker.de\/index.php?rest_route=\/wp\/v2\/pages\/194\/revisions"}],"predecessor-version":[{"id":206,"href":"https:\/\/max-peissker.de\/index.php?rest_route=\/wp\/v2\/pages\/194\/revisions\/206"}],"wp:attachment":[{"href":"https:\/\/max-peissker.de\/index.php?rest_route=%2Fwp%2Fv2%2Fmedia&parent=194"}],"curies":[{"name":"wp","href":"https:\/\/api.w.org\/{rel}","templated":true}]}}