{"id":175,"date":"2016-10-06T07:53:56","date_gmt":"2016-10-06T07:53:56","guid":{"rendered":"http:\/\/max-peissker.de\/?page_id=175"},"modified":"2016-10-22T12:46:48","modified_gmt":"2016-10-22T12:46:48","slug":"datenschutz","status":"publish","type":"page","link":"https:\/\/max-peissker.de\/?page_id=175","title":{"rendered":"Datenschutz"},"content":{"rendered":"<p>Wir freuen uns \u00fcber Ihren Besuch auf unserer Website sowie \u00fcber Ihr Interesse an unserem Unternehmen und unseren Produkten. Da uns der Schutz Ihrer pers\u00f6nlichen Daten wichtig ist, informieren wir Sie hier \u00fcber unsere Online-Datenschutzprinzipien.<\/p>\n<h3>Erhebung und Verarbeitung pers\u00f6nlicher Daten<\/h3>\n<p>Es werden keine pers\u00f6nlichen Daten von Ihnen erhoben, wenn Sie die Website des E-Werk Max Pei\u00dfker\u00a0besuchen. Auf unserem Webserver werden standardm\u00e4\u00dfig der Name Ihres Internet Service Providers, Ihre verk\u00fcrzte IP-Adresse, die Website, von der aus Sie uns besuchen, die Seiten, die Sie bei uns besuchen, die \u00fcbertragene Datenmenge sowie Datum und Dauer des Besuches zu statistischen Zwecken und zur Gew\u00e4hrleistung der Systemsicherheit gespeichert und ausgewertet.<br \/>\nPers\u00f6nliche Daten werden nur dann erhoben und verarbeitet, wenn Sie uns diese freiwillig zur Verf\u00fcgung stellen, z. B. wenn Sie unseren Online-Service nutzen, sich online um eine Stelle bewerben oder an einer Umfrage bzw. einem Gewinnspiel teilnehmen.<br \/>\nIn diesen F\u00e4llen werden die Informationen in verschl\u00fcsselter Form an uns \u00fcbertragen, um einem Missbrauch der Daten durch Dritte vorzubeugen. Die Verschl\u00fcsselung erfolgt mit SSL (Secure Socket Layer).<br \/>\nDas E-Werk Max Pei\u00dfker verwendet auf einzelnen Webseiten Cookies, um Ihnen die Leistungen individueller zur Verf\u00fcgung stellen zu k\u00f6nnen. Die hierbei erhobenen Daten sind anonym. Sie k\u00f6nnen Ihren Browser so einstellen, dass er Sie \u00fcber die Platzierung von Cookies informiert. So wird der Gebrauch von Cookies f\u00fcr Sie transparent.<br \/>\nAuf unseren Webseiten werden mit Technologien der etracker GmbH Daten zu Marketing- und Optimierungszwecken gesammelt und gespeichert. Aus diesen Daten k\u00f6nnen unter einem Pseudonym Nutzungsprofile erstellt werden. Hierzu k\u00f6nnen Cookies eingesetzt werden. Bei Cookies handelt es sich um kleine Textdateien, die lokal im Zwischenspeicher des Internetbrowsers des Seitenbesuchers gespeichert werden. Die Cookies erm\u00f6glichen die Wiedererkennung des Internetbrowsers. Die mit den etracker&#8211;Technologien erhobenen Daten werden ohne die gesondert erteilte Zustimmung des Betroffenen nicht dazu benutzt, den Besucher dieser Website pers\u00f6nlich zu identifizieren und nicht mit personenbezogenen Daten \u00fcber den Tr\u00e4ger des Pseudonyms zusammengef\u00fchrt. Der Datenerhebung und -speicherung durch die etracker GmbH kann jederzeit mit Wirkung f\u00fcr die Zukunft <a href=\"https:\/\/www.etracker.de\/privacy?et=JoEOKb\" target=\"_blank\"><u><span style=\"color: #0066cc;\">hier<\/span><\/u><\/a> widersprochen werden.<\/p>\n<h3>Nutzung und Weitergabe pers\u00f6nlicher Daten und Zweckbindung<\/h3>\n<p>Alle im Rahmen\u00a0des E-Werk Max Pei\u00dfker\u00a0Internetdirektdienste anfallenden personenbezogenen Daten werden entsprechend den jeweils geltenden Vorschriften zum Schutz personenbezogener Daten, nur zum Zweck der Vertragsabwicklung und zur Wahrung berechtigter eigener Gesch\u00e4ftsinteressen in Hinblick auf Beratung und Betreuung unserer Kunden und die bedarfsgerechte Produktgestaltung erhoben, verarbeitet und genutzt. Ihre pers\u00f6nlichen Daten wird\u00a0das E-Werk Max Pei\u00dfker\u00a0weder an Dritte verkaufen noch anderweitig vermarkten. Daten\u00fcbermittlungen in Drittl\u00e4nder ergeben sich nur im Rahmen der Administration von IT-Systemen und nur soweit a) die \u00dcbermittlung grunds\u00e4tzlich zul\u00e4ssig ist und b) die besonderen Voraussetzungen f\u00fcr eine \u00dcbermittlung in ein Drittland vorliegen, insbesondere der Datenimporteur ein angemessenes Datenschutzniveau nach Ma\u00dfgabe der EU-Standardvertragsklauseln f\u00fcr die \u00dcbermittlung personenbezogener Daten an Auftragsverarbeiter in Drittl\u00e4ndern gew\u00e4hrleistet. Grundlage sind die Bestimmungen des Bundesdatenschutzgesetzes und des Telemediengesetzes.<\/p>\n<h3>Interessenbasierte Internetwerbung<\/h3>\n<p><strong>Wichtig vorab:<\/strong> Cookies k\u00f6nnen nicht verwendet werden, um Code (Programme) auszuf\u00fchren oder Viren in Ihren Computer einzuschleusen.<br \/>\nEine der Hauptaufgaben von Cookies besteht darin, die Benutzerfreundlichkeit zu erh\u00f6hen und dem Benutzer damit Zeit zu sparen. Ein Cookie hat den Zweck, den Webserver dar\u00fcber zu informieren, dass Sie eine aufgerufene Webseite in der Vergangenheit bereits aufgesucht haben. Wenn Sie beispielsweise Webseiten individuell anpassen oder sich f\u00fcr Produkte oder Dienstleistungen registrieren, hilft ein Cookie dem Server der Webseite, sich an Ihre speziellen Informationen zu erinnern. Dies kann n\u00fctzlich sein, um den Prozess der Registrierung Ihrer pers\u00f6nlichen Daten, wie Rechnungsadressen, Lieferadressen etc., zu vereinfachen. Wenn Sie dieselbe Webseite besuchen, k\u00f6nnen bereits von Ihnen bereitgestellte Informationen wieder abgerufen werden, so dass Sie die zuvor ausgew\u00e4hlten Webseiten-Funktionen einfach wieder verwenden k\u00f6nnen.<\/p>\n<ul>\n<li>Dies sind sog. Erstanbieter-Cookies der Hostdom\u00e4ne, also der Webseite, die sie besuchen (z.B. max-peissker.de).<\/li>\n<li>Dar\u00fcber hinaus kommen mit unserem Einverst\u00e4ndnis auch Fremdanbieter-Cookies von externen Dienstleistern zum Einsatz. Auch hier wird die Benutzerfreundlichkeit erh\u00f6ht, indem die Darstellung von Inhalten auf der Webseite sowie in Werbeanzeigen angepasst wird. So etwa, indem Sie in Werbebannern relevante Informationen zu Ihrem letzten Webseiten-Besuch erhalten.<\/li>\n<li><strong>Was sind eigentlich Cookies? Wie lassen sie sich deaktivieren?<\/strong><\/li>\n<li>Cookies sind kleine Textdateien, die im Browser des Nutzers gespeichert werden. Die meisten Cookies enthalten eine eindeutige Kennung, die sogenannte Cookie-ID. Dies ist eine Zeichenfolge, die Webseiten und Server dem Browser zuordnen, in dem das Cookie gespeichert ist. Dadurch k\u00f6nnen die Webseiten und Server den Browser von Browsern mit anderen Cookies unterscheiden und jeder Browser kann anhand der eindeutigen Cookie-ID identifiziert werden.<\/li>\n<li>Weitere Informationen zu werbungsbezogenen Cookies und dazu, wie Sie ihre Nutzung unterbinden k\u00f6nnen, finden Sie auf <a href=\"http:\/\/www.youronlinechoices.eu\/\" target=\"_blank\"><u><span style=\"color: #0066cc;\">http:\/\/www.youronlinechoices.eu<\/span><\/u><\/a>.<\/li>\n<\/ul>\n<p>&nbsp;<\/p>\n<h3>Einbindung von Videos \u00fcber YouTube<\/h3>\n<p>F\u00fcr das Einbinden von Videos nutzen wir den Anbieter \u201eYouTube\u201c. Unsere Videos betten wir dabei im sog. \u201eerweiterten Datenschutzmodus\u201c ein, um Ihnen eine datenschutzfreundliche Ansicht zu erm\u00f6glichen. Wie die meisten Websites verwendet aber auch YouTube Cookies, um Informationen \u00fcber die Besucher ihrer Internetseite zu sammeln. YouTube verwendet diese unter anderem zur Erfassung von Videostatistiken, zur Vermeidung von Betrug und zur Verbesserung der Userfreundlichkeit. Und dies f\u00fchrt auch zu einer Verbindungsaufnahme mit dem Google-DoubleClick-Netzwerk. Wenn Sie also Videos auf unserer Internetseite starten, k\u00f6nnte dies weitere Datenverarbeitungsvorg\u00e4nge ausl\u00f6sen. Darauf haben wir leider keinen Einfluss. Weitere Informationen \u00fcber Datenschutz bei YouTube finden Sie in deren Datenschutzerkl\u00e4rung unter: <a href=\"http:\/\/www.youtube.com\/t\/privacy_at_youtube\"><u><span style=\"color: #0066cc;\">http:\/\/www.youtube.com\/t\/privacy_at_youtube.<\/span><\/u><\/a><\/p>\n<h3>Links zu anderen Websites<\/h3>\n<p>Die Max-Peissker Website enth\u00e4lt Links zu anderen Websites. F\u00fcr die Datenschutzprinzipien oder den Inhalt der verlinkten Seiten sind ausschlie\u00dflich deren Betreiber verantwortlich.<\/p>\n<h3>Sicherheit<\/h3>\n<p>Das E-Werk Max Pei\u00dfker\u00a0setzt technische und organisatorische Sicherheitsma\u00dfnahmen ein, um die Daten, die Sie\u00a0Max Pei\u00dfker\u00a0zur Verf\u00fcgung stellen, durch zuf\u00e4llige oder vors\u00e4tzliche Manipulationen, Verlust, Zerst\u00f6rung oder den Zugriff unberechtigter Personen zu sch\u00fctzen. Unsere Sicherheitsma\u00dfnahmen werden entsprechend der technologischen Entwicklung fortlaufend verbessert.<\/p>\n<p>&nbsp;<\/p>\n","protected":false},"excerpt":{"rendered":"<p>Wir freuen uns \u00fcber Ihren Besuch auf unserer Website sowie \u00fcber Ihr Interesse an unserem Unternehmen und unseren Produkten. Da uns der Schutz Ihrer pers\u00f6nlichen Daten wichtig ist, informieren wir <span class=\"readmore\"><a href=\"https:\/\/max-peissker.de\/?page_id=175\">Weiterlesen &#8230;<\/a><\/span><\/p>\n","protected":false},"author":1,"featured_media":0,"parent":0,"menu_order":0,"comment_status":"closed","ping_status":"closed","template":"","meta":[],"_links":{"self":[{"href":"https:\/\/max-peissker.de\/index.php?rest_route=\/wp\/v2\/pages\/175"}],"collection":[{"href":"https:\/\/max-peissker.de\/index.php?rest_route=\/wp\/v2\/pages"}],"about":[{"href":"https:\/\/max-peissker.de\/index.php?rest_route=\/wp\/v2\/types\/page"}],"author":[{"embeddable":true,"href":"https:\/\/max-peissker.de\/index.php?rest_route=\/wp\/v2\/users\/1"}],"replies":[{"embeddable":true,"href":"https:\/\/max-peissker.de\/index.php?rest_route=%2Fwp%2Fv2%2Fcomments&post=175"}],"version-history":[{"count":3,"href":"https:\/\/max-peissker.de\/index.php?rest_route=\/wp\/v2\/pages\/175\/revisions"}],"predecessor-version":[{"id":204,"href":"https:\/\/max-peissker.de\/index.php?rest_route=\/wp\/v2\/pages\/175\/revisions\/204"}],"wp:attachment":[{"href":"https:\/\/max-peissker.de\/index.php?rest_route=%2Fwp%2Fv2%2Fmedia&parent=175"}],"curies":[{"name":"wp","href":"https:\/\/api.w.org\/{rel}","templated":true}]}}