{"id":173,"date":"2016-10-06T07:53:24","date_gmt":"2016-10-06T07:53:24","guid":{"rendered":"http:\/\/max-peissker.de\/?page_id=173"},"modified":"2016-10-06T07:53:24","modified_gmt":"2016-10-06T07:53:24","slug":"impressum","status":"publish","type":"page","link":"https:\/\/max-peissker.de\/?page_id=173","title":{"rendered":"Impressum"},"content":{"rendered":"<p><span style=\"font-family: 'Bookman Old Style'; font-size: small;\">Verantwortlich f\u00fcr den Inhalt dieser Website:<\/span><\/p>\n<p><span style=\"font-size: small;\">Elektrizit\u00e4tswerk Max Pei\u00dfker<\/span><\/p>\n<p><span style=\"font-size: small;\">Schlo\u00dfstrasse 42<br \/>\n07338 Eichicht<br \/>\nTelefon 036733\/22216<br \/>\nTelefax 036733\/23330<br \/>\nE-Mail: <a href=\"mailto:Barczus@t-online.de\">info@max-peissker.de<\/a><\/span><\/p>\n<p><span style=\"font-size: small;\">Inhaber: Ulrike Barczus<br \/>\n<\/span><\/p>\n<p><span style=\"font-size: small;\">Umsatzsteuernummer:<br \/>\nHandelsregister: IHK Gera, 00817985<\/span><\/p>\n<p>&nbsp;<\/p>\n","protected":false},"excerpt":{"rendered":"<p>Verantwortlich f\u00fcr den Inhalt dieser Website: Elektrizit\u00e4tswerk Max Pei\u00dfker Schlo\u00dfstrasse 42 07338 Eichicht Telefon 036733\/22216 Telefax 036733\/23330 E-Mail: info@max-peissker.de Inhaber: Ulrike Barczus Umsatzsteuernummer: Handelsregister: IHK Gera, 00817985 &nbsp;<\/p>\n","protected":false},"author":1,"featured_media":0,"parent":0,"menu_order":0,"comment_status":"closed","ping_status":"closed","template":"","meta":[],"_links":{"self":[{"href":"https:\/\/max-peissker.de\/index.php?rest_route=\/wp\/v2\/pages\/173"}],"collection":[{"href":"https:\/\/max-peissker.de\/index.php?rest_route=\/wp\/v2\/pages"}],"about":[{"href":"https:\/\/max-peissker.de\/index.php?rest_route=\/wp\/v2\/types\/page"}],"author":[{"embeddable":true,"href":"https:\/\/max-peissker.de\/index.php?rest_route=\/wp\/v2\/users\/1"}],"replies":[{"embeddable":true,"href":"https:\/\/max-peissker.de\/index.php?rest_route=%2Fwp%2Fv2%2Fcomments&post=173"}],"version-history":[{"count":1,"href":"https:\/\/max-peissker.de\/index.php?rest_route=\/wp\/v2\/pages\/173\/revisions"}],"predecessor-version":[{"id":174,"href":"https:\/\/max-peissker.de\/index.php?rest_route=\/wp\/v2\/pages\/173\/revisions\/174"}],"wp:attachment":[{"href":"https:\/\/max-peissker.de\/index.php?rest_route=%2Fwp%2Fv2%2Fmedia&parent=173"}],"curies":[{"name":"wp","href":"https:\/\/api.w.org\/{rel}","templated":true}]}}