{"id":121,"date":"2016-10-05T15:07:37","date_gmt":"2016-10-05T15:07:37","guid":{"rendered":"http:\/\/max-peissker.de\/?page_id=121"},"modified":"2016-10-06T07:24:03","modified_gmt":"2016-10-06T07:24:03","slug":"mustervertraege","status":"publish","type":"page","link":"https:\/\/max-peissker.de\/?page_id=121","title":{"rendered":"Mustervertr\u00e4ge"},"content":{"rendered":"<p><span style=\"font-family: 'Bookman Old Style'; font-size: large;\"><strong>Mustervertr\u00e4ge<\/strong><\/span><\/p>\n<p><span style=\"font-family: 'Bookman Old Style';\">Das E-Werk Max Peissker macht durch die \u00f6ffentliche Bekanntgabe und Ver\u00f6ffentlichung im Internet von Ihrem Recht nach \u00a7 29 Abs. 1 Satz 3 NAV bzw. \u00a7 29 Abs. 1 Satz 3 NDAV in Verbindung mit \u00a7 115 Abs. 1 Satz 2 des Energiewirtschaftsgesetzes (EnWG) Gebrauch, die Anpassung aller vor dem 13.07.2005 geschlossenen Netzanschlussvertr\u00e4ge in Niederspannung die geltende Rechtslage zu verlangen.<br \/>\n<\/span><\/p>\n<p>Vom Tag der Ver\u00f6ffentlichung an, werden die NAV (die am 08.11.2006 in Kraft getreten sind) Bestandteil aller mit dem E-Werk Max Peissker bestehenden Netzanschlussvertr\u00e4ge in Niederspannung.<\/p>\n<p><strong><u>Mustervertr\u00e4ge Strom:<\/u><\/strong><\/p>\n<p><a href=\"http:\/\/max-peissker.de\/wp-content\/uploads\/2016\/10\/NAV_nichtleistungsGemAnStrom.pdf\">Netzanschlussvertrag<\/a> f\u00fcr nicht leistungsgemessene Anschlussnehmer (PDF, 25 KB)<\/p>\n<p>&nbsp;<\/p>\n","protected":false},"excerpt":{"rendered":"<p>Mustervertr\u00e4ge Das E-Werk Max Peissker macht durch die \u00f6ffentliche Bekanntgabe und Ver\u00f6ffentlichung im Internet von Ihrem Recht nach \u00a7 29 Abs. 1 Satz 3 NAV bzw. \u00a7 29 Abs. 1 <span class=\"readmore\"><a href=\"https:\/\/max-peissker.de\/?page_id=121\">Weiterlesen &#8230;<\/a><\/span><\/p>\n","protected":false},"author":1,"featured_media":0,"parent":32,"menu_order":0,"comment_status":"closed","ping_status":"closed","template":"","meta":[],"_links":{"self":[{"href":"https:\/\/max-peissker.de\/index.php?rest_route=\/wp\/v2\/pages\/121"}],"collection":[{"href":"https:\/\/max-peissker.de\/index.php?rest_route=\/wp\/v2\/pages"}],"about":[{"href":"https:\/\/max-peissker.de\/index.php?rest_route=\/wp\/v2\/types\/page"}],"author":[{"embeddable":true,"href":"https:\/\/max-peissker.de\/index.php?rest_route=\/wp\/v2\/users\/1"}],"replies":[{"embeddable":true,"href":"https:\/\/max-peissker.de\/index.php?rest_route=%2Fwp%2Fv2%2Fcomments&post=121"}],"version-history":[{"count":2,"href":"https:\/\/max-peissker.de\/index.php?rest_route=\/wp\/v2\/pages\/121\/revisions"}],"predecessor-version":[{"id":144,"href":"https:\/\/max-peissker.de\/index.php?rest_route=\/wp\/v2\/pages\/121\/revisions\/144"}],"up":[{"embeddable":true,"href":"https:\/\/max-peissker.de\/index.php?rest_route=\/wp\/v2\/pages\/32"}],"wp:attachment":[{"href":"https:\/\/max-peissker.de\/index.php?rest_route=%2Fwp%2Fv2%2Fmedia&parent=121"}],"curies":[{"name":"wp","href":"https:\/\/api.w.org\/{rel}","templated":true}]}}