{"id":119,"date":"2016-10-05T15:07:14","date_gmt":"2016-10-05T15:07:14","guid":{"rendered":"http:\/\/max-peissker.de\/?page_id=119"},"modified":"2016-10-06T07:46:10","modified_gmt":"2016-10-06T07:46:10","slug":"technische-mindestanforderungen","status":"publish","type":"page","link":"https:\/\/max-peissker.de\/?page_id=119","title":{"rendered":"Technische Mindestanforderungen"},"content":{"rendered":"<p><span style=\"font-family: 'Bookman Old Style';\"><strong><u>Technische Mindestanforderungen<\/u><\/strong><\/span><\/p>\n<p>&nbsp;<\/p>\n<p><span style=\"font-family: 'Bookman Old Style';\">Das E-Werk Max Peissker schlie\u00dft Kundenanlagen nach \u00a7 17 EnWG zu den auf den folgenden Seiten beschriebenen Verfahren und Bedingungen f\u00fcr Netzanschl\u00fcsse an das Elektrizit\u00e4tsversorgungsnetz des E-Werk Max Peissker an. F\u00fcr die Auslegung und den Betrieb dieser Kundenanlagen gelten Technische Mindestanforderungen f\u00fcr Strom:<\/span><\/p>\n<p><span style=\"font-size: small;\">&#8211; <a href=\"http:\/\/max-peissker.de\/wp-content\/uploads\/2016\/10\/TAB_2007_Bundesmusterwortlaut_Juli2007.pdf\">TAB 2007<\/a> (PDF, 616 KB)<\/span><\/p>\n<p>&#8211;<span style=\"font-family: 'Bookman Old Style'; font-size: small;\"> <a href=\"http:\/\/max-peissker.de\/wp-content\/uploads\/2016\/10\/Merkblatt_Zaehlerschraenke_Wandlerzaehlungen_VDEW_LG_Thuer.pdf\">Erl\u00e4uterungen zu den technischen Anschlussbedingungen<\/a> (PDF, 1.700 KB)<\/span><\/p>\n<p><span style=\"font-family: 'Bookman Old Style'; font-size: small;\">&#8211; <a href=\"http:\/\/max-peissker.de\/wp-content\/uploads\/2016\/10\/Merkblatt_Zaehlerschraenke_Wandlerzaehlungen_VDEW_LG_Thuer.pdf\">Merkblatt &#8222;Z\u00e4hler- und Wandlerschr\u00e4nke f\u00fcr Niederspannungs-Wandlermessungen&#8220;<\/a><br \/>\nAusgabe 10\/2008 (PDF, 589 KB)<\/span><\/p>\n<p><span style=\"font-family: 'Bookman Old Style'; font-size: small;\">&#8211; <a href=\"http:\/\/max-peissker.de\/wp-content\/uploads\/2016\/10\/Merkblatt_Zaehlerschraenke_12_2008.pdf\">Merkblatt &#8222;Z\u00e4hlerschr\u00e4nke&#8220;<\/a><br \/>\nAusgabe 10\/2008 (PDF, 53 KB)<\/span><\/p>\n<p><span style=\"font-family: 'Bookman Old Style'; font-size: small;\">&#8211; <a href=\"http:\/\/max-peissker.de\/wp-content\/uploads\/2016\/10\/Merkblatt__voruebergehend_angeschlossene_Anlagen.pdf\">Merkblatt f\u00fcr vor\u00fcbergehend angeschlossene Anlagen<\/a><br \/>\nAusgabe 09\/1998 (PDF, 389 KB)<\/span><\/p>\n","protected":false},"excerpt":{"rendered":"<p>Technische Mindestanforderungen &nbsp; Das E-Werk Max Peissker schlie\u00dft Kundenanlagen nach \u00a7 17 EnWG zu den auf den folgenden Seiten beschriebenen Verfahren und Bedingungen f\u00fcr Netzanschl\u00fcsse an das Elektrizit\u00e4tsversorgungsnetz des E-Werk <span class=\"readmore\"><a href=\"https:\/\/max-peissker.de\/?page_id=119\">Weiterlesen &#8230;<\/a><\/span><\/p>\n","protected":false},"author":1,"featured_media":0,"parent":32,"menu_order":0,"comment_status":"closed","ping_status":"closed","template":"","meta":[],"_links":{"self":[{"href":"https:\/\/max-peissker.de\/index.php?rest_route=\/wp\/v2\/pages\/119"}],"collection":[{"href":"https:\/\/max-peissker.de\/index.php?rest_route=\/wp\/v2\/pages"}],"about":[{"href":"https:\/\/max-peissker.de\/index.php?rest_route=\/wp\/v2\/types\/page"}],"author":[{"embeddable":true,"href":"https:\/\/max-peissker.de\/index.php?rest_route=\/wp\/v2\/users\/1"}],"replies":[{"embeddable":true,"href":"https:\/\/max-peissker.de\/index.php?rest_route=%2Fwp%2Fv2%2Fcomments&post=119"}],"version-history":[{"count":7,"href":"https:\/\/max-peissker.de\/index.php?rest_route=\/wp\/v2\/pages\/119\/revisions"}],"predecessor-version":[{"id":165,"href":"https:\/\/max-peissker.de\/index.php?rest_route=\/wp\/v2\/pages\/119\/revisions\/165"}],"up":[{"embeddable":true,"href":"https:\/\/max-peissker.de\/index.php?rest_route=\/wp\/v2\/pages\/32"}],"wp:attachment":[{"href":"https:\/\/max-peissker.de\/index.php?rest_route=%2Fwp%2Fv2%2Fmedia&parent=119"}],"curies":[{"name":"wp","href":"https:\/\/api.w.org\/{rel}","templated":true}]}}