{"id":117,"date":"2016-10-05T15:06:47","date_gmt":"2016-10-05T15:06:47","guid":{"rendered":"http:\/\/max-peissker.de\/?page_id=117"},"modified":"2020-07-15T11:35:15","modified_gmt":"2020-07-15T11:35:15","slug":"verordnungen","status":"publish","type":"page","link":"https:\/\/max-peissker.de\/?page_id=117","title":{"rendered":"Verordnungen"},"content":{"rendered":"<p><span style=\"color: #333333; font-family: 'Bookman Old Style';\"><strong><u>Verordnungen<\/u><\/strong><\/span><\/p>\n<p><span style=\"font-family: 'Bookman Old Style'; font-size: small;\">Zum 30.06.2007 ist die Kraftwerks-Netzanschlussverordnung (KraftNAV (PDF, 64 KB)) in Kraft getreten. Diese Verordnung dient u. a. der Umsetzung der Richtlinie 2005\/89\/EG des Europ\u00e4ischen Parlaments und des Rates vom 18. Januar 2006 \u00fcber die Ma\u00dfnahmen zur Gew\u00e4hrleistung der Sicherheit der Elektrizit\u00e4tsversorgung und von Infrastrukturinvestitionen (ABl. EU Nr. L 33 S. 22).<\/span><\/p>\n<p><u><strong><span style=\"font-family: 'Bookman Old Style'; font-size: small;\">Verordnung<\/span><\/strong><\/u><span style=\"font-family: 'Bookman Old Style'; font-size: small;\"><br \/>\n<a href=\"http:\/\/max-peissker.de\/wp-content\/uploads\/2016\/10\/bgbl107s1187.pdf\">Verordnung<\/a> (PDF, 64 KB) zur Regelung des Netzanschlusses von Anlagen zur Erzeugung von elektrischer Energie.<\/span><\/p>\n<p><span style=\"font-family: 'Bookman Old Style'; font-size: small;\">Die Erg\u00e4nzenden Bedingungen des E-Werk Max Peissker stehen Ihnen nachfolgend zur Verf\u00fcgung.<br \/>\n<\/span><\/p>\n<p><span style=\"font-family: 'Bookman Old Style'; font-size: small;\">Zum 08.11.2006 sind die nachfolgend genannten Verordnungen in Kraft getreten. Damit werden die AVBEltV sowie die AVBGasV abgel\u00f6st.<\/span><\/p>\n<p><span style=\"font-family: 'Bookman Old Style'; font-size: small;\">Im Hinblick auf die damit f\u00fcr Netzbetreiber verbundenen Handlungspflichten sind zus\u00e4tzlich zu den aufgef\u00fchrten Verordnungen Erg\u00e4nzende Bedingungen zu erstellen.<\/span><\/p>\n<p><span style=\"font-family: 'Bookman Old Style'; font-size: small;\">Die Erg\u00e4nzenden Bedingungen des E-Werk Max Peissker stehen Ihnen nachfolgend zur Verf\u00fcgung.<\/span><\/p>\n<p><u><strong><span style=\"font-family: 'Bookman Old Style'; font-size: small;\">Verordnungen<\/span><\/strong><\/u><\/p>\n<p><span style=\"font-family: 'Bookman Old Style'; font-size: small;\"><a href=\"http:\/\/max-peissker.de\/wp-content\/uploads\/2016\/10\/NAV-NDAV_BGBl.pdf\">Verordnung<\/a> (PDF, 213 KB) zum Erlass von Regelungen des Netzanschlusses von Letztverbrauchern in Niederspannung und Niederdruck<\/span><\/p>\n<p><span style=\"font-family: 'Bookman Old Style'; font-size: small;\"><a href=\"http:\/\/max-peissker.de\/wp-content\/uploads\/2016\/10\/StromGVVGasGVV_BGBl.pdf\">Verordnung<\/a> (PDF, 148 KB) zum Erlass von Regelungen f\u00fcr die Grundversorgung von Haushaltkunden und Ersatzversorgung im Energiebereich<\/span><\/p>\n<p><u><strong><span style=\"font-family: 'Bookman Old Style'; font-size: small;\">Erg\u00e4nzende Bedingungen und Preisbl\u00e4tter<\/span><\/strong><\/u><\/p>\n<p><span style=\"font-family: 'Bookman Old Style'; font-size: small;\">NAV: <a href=\"http:\/\/max-peissker.de\/wp-content\/uploads\/2016\/10\/NAV01_Strom_ErgBedingungen_01_07.pdf\">Erg\u00e4nzende Bedingungen zur NAV<\/a> (PDF, 66 KB) sowie dazugeh\u00f6riges <a href=\"http:\/\/max-peissker.de\/wp-content\/uploads\/2020\/07\/Preiblatt-Netzanschluss-2020-B.pdf\">Preisblatt<\/a> (PDF, 72 KB)<\/span><\/p>\n","protected":false},"excerpt":{"rendered":"<p>Verordnungen Zum 30.06.2007 ist die Kraftwerks-Netzanschlussverordnung (KraftNAV (PDF, 64 KB)) in Kraft getreten. Diese Verordnung dient u. a. der Umsetzung der Richtlinie 2005\/89\/EG des Europ\u00e4ischen Parlaments und des Rates vom <span class=\"readmore\"><a href=\"https:\/\/max-peissker.de\/?page_id=117\">Weiterlesen &#8230;<\/a><\/span><\/p>\n","protected":false},"author":1,"featured_media":0,"parent":32,"menu_order":0,"comment_status":"closed","ping_status":"closed","template":"","meta":[],"_links":{"self":[{"href":"https:\/\/max-peissker.de\/index.php?rest_route=\/wp\/v2\/pages\/117"}],"collection":[{"href":"https:\/\/max-peissker.de\/index.php?rest_route=\/wp\/v2\/pages"}],"about":[{"href":"https:\/\/max-peissker.de\/index.php?rest_route=\/wp\/v2\/types\/page"}],"author":[{"embeddable":true,"href":"https:\/\/max-peissker.de\/index.php?rest_route=\/wp\/v2\/users\/1"}],"replies":[{"embeddable":true,"href":"https:\/\/max-peissker.de\/index.php?rest_route=%2Fwp%2Fv2%2Fcomments&post=117"}],"version-history":[{"count":9,"href":"https:\/\/max-peissker.de\/index.php?rest_route=\/wp\/v2\/pages\/117\/revisions"}],"predecessor-version":[{"id":242,"href":"https:\/\/max-peissker.de\/index.php?rest_route=\/wp\/v2\/pages\/117\/revisions\/242"}],"up":[{"embeddable":true,"href":"https:\/\/max-peissker.de\/index.php?rest_route=\/wp\/v2\/pages\/32"}],"wp:attachment":[{"href":"https:\/\/max-peissker.de\/index.php?rest_route=%2Fwp%2Fv2%2Fmedia&parent=117"}],"curies":[{"name":"wp","href":"https:\/\/api.w.org\/{rel}","templated":true}]}}