{"id":112,"date":"2016-10-05T15:05:27","date_gmt":"2016-10-05T15:05:27","guid":{"rendered":"http:\/\/max-peissker.de\/?page_id=112"},"modified":"2016-10-05T15:05:30","modified_gmt":"2016-10-05T15:05:30","slug":"grundversorger","status":"publish","type":"page","link":"https:\/\/max-peissker.de\/?page_id=112","title":{"rendered":"Grundversorger"},"content":{"rendered":"<p><span style=\"font-family: 'Bookman Old Style'; font-size: small;\"><strong>Festlegung des Grundversorgers: <\/strong><br \/>\nDas E-Werk Max Pei\u00dfker hat als Betreiber von Energieversorgungsnetzen der allgemeinen Versorgung gem\u00e4\u00df \u00a736 (2) EnWG zum 01.07.2006 einen Grundversorger Strom festgestellt.<\/span><\/p>\n<p><span style=\"font-size: small;\">In der Stromversorgung werden zum Stichtag die meisten Haushaltskunden im Sinne von \u00a763 Nr. 22 jeweils vom integrierten Vertrieb des E-Werk Max Pei\u00dfker versorgt. Dieser wird somit die Aufgaben des Grundversorgers im Netzgebiet \u00fcbernehmen.<\/span><\/p>\n<p><span style=\"font-family: 'Bookman Old Style'; font-size: small;\"><br \/>\n<strong>Bedingungen Grund- und Ersatzversorgung: <\/strong><\/span><\/p>\n<p>Das E-Werk Max Pei\u00dfker bietet die Grund- und die Ersatzversorgung f\u00fcr Strom zu Allgemeinen Preisen und Bedingungen an. Sie entsprechen den unver\u00e4nderten Preisregelungen der bisherigen Allgemeinen Tarife und Bedingungen f\u00fcr die Versorgung von Tarifkunden mit elektrischer Energie in der jeweils g\u00fcltigen Fassung.<\/p>\n","protected":false},"excerpt":{"rendered":"<p>Festlegung des Grundversorgers: Das E-Werk Max Pei\u00dfker hat als Betreiber von Energieversorgungsnetzen der allgemeinen Versorgung gem\u00e4\u00df \u00a736 (2) EnWG zum 01.07.2006 einen Grundversorger Strom festgestellt. In der Stromversorgung werden zum <span class=\"readmore\"><a href=\"https:\/\/max-peissker.de\/?page_id=112\">Weiterlesen &#8230;<\/a><\/span><\/p>\n","protected":false},"author":1,"featured_media":0,"parent":32,"menu_order":0,"comment_status":"closed","ping_status":"closed","template":"","meta":[],"_links":{"self":[{"href":"https:\/\/max-peissker.de\/index.php?rest_route=\/wp\/v2\/pages\/112"}],"collection":[{"href":"https:\/\/max-peissker.de\/index.php?rest_route=\/wp\/v2\/pages"}],"about":[{"href":"https:\/\/max-peissker.de\/index.php?rest_route=\/wp\/v2\/types\/page"}],"author":[{"embeddable":true,"href":"https:\/\/max-peissker.de\/index.php?rest_route=\/wp\/v2\/users\/1"}],"replies":[{"embeddable":true,"href":"https:\/\/max-peissker.de\/index.php?rest_route=%2Fwp%2Fv2%2Fcomments&post=112"}],"version-history":[{"count":2,"href":"https:\/\/max-peissker.de\/index.php?rest_route=\/wp\/v2\/pages\/112\/revisions"}],"predecessor-version":[{"id":114,"href":"https:\/\/max-peissker.de\/index.php?rest_route=\/wp\/v2\/pages\/112\/revisions\/114"}],"up":[{"embeddable":true,"href":"https:\/\/max-peissker.de\/index.php?rest_route=\/wp\/v2\/pages\/32"}],"wp:attachment":[{"href":"https:\/\/max-peissker.de\/index.php?rest_route=%2Fwp%2Fv2%2Fmedia&parent=112"}],"curies":[{"name":"wp","href":"https:\/\/api.w.org\/{rel}","templated":true}]}}