{"id":110,"date":"2016-10-05T15:04:58","date_gmt":"2016-10-05T15:04:58","guid":{"rendered":"http:\/\/max-peissker.de\/?page_id=110"},"modified":"2016-10-05T15:04:58","modified_gmt":"2016-10-05T15:04:58","slug":"netzverluste","status":"publish","type":"page","link":"https:\/\/max-peissker.de\/?page_id=110","title":{"rendered":"Netzverluste"},"content":{"rendered":"<p><span style=\"font-family: 'Bookman Old Style'; font-size: small;\"><strong><span style=\"color: #3399ff;\">Netzverluste (VNB)<\/span><\/strong><br \/>\n<\/span><\/p>\n<p><span style=\"font-family: 'Bookman Old Style'; font-size: small;\"><strong>\u00a7 17 Abs. 2 Nr. 2, 3 und 7 StromNZV<\/strong><\/span><\/p>\n<p><span style=\"font-family: 'Bookman Old Style'; font-size: small;\"><br \/>\n<strong>Nr. 2 \u2013 die Netzverluste<\/strong><\/span><\/p>\n<p><span style=\"font-family: 'Bookman Old Style'; font-size: small;\">Spannungsebene<span style=\"color: #ffffff;\"> ________________<\/span>Arbeit in kWh<br \/>\n<\/span><\/p>\n<p><span style=\"font-family: 'Bookman Old Style'; font-size: small;\">Mittelspannung<span style=\"color: #ffffff;\">&#8212;&#8212;&#8212;&#8212;&#8212;&#8212;&#8212;&#8212;&#8212;&#8212;&#8212;&#8212;<\/span>7.700<br \/>\nUmspannung MS\/NS <span style=\"color: #ffffff;\">_______________<\/span> <span style=\"color: #ffffff;\">&#8212;&#8211;<\/span>15.600<br \/>\nNiederspannung<span style=\"color: #ffffff;\"> ________________&#8212;&#8212;&#8212;- <span style=\"color: #000000;\">38.385<\/span>__<\/span><\/p>\n<p><strong>Nr. 3 \u2013 die Summenlast der Netzverluste<\/strong><\/span><\/p>\n<p><span style=\"font-family: 'Bookman Old Style'; font-size: small;\">Summenlast der nicht leistungsgemessenen Kunden bel\u00e4uft sich auf 170kW und die Summenlast der Netzverluste bel\u00e4uft sich auf 9kW.<\/span><\/p>\n<p><span style=\"font-family: 'Bookman Old Style'; font-size: small;\">(eine CSV-Datei kann momentan nicht angezeigt werden)<\/p>\n<p><\/span><span style=\"font-family: 'Bookman Old Style'; font-size: small;\"><strong>Nr. 7 \u2013 die Mengen und Preise der Verlustenergie<\/strong> &#8211; 61.685 kWh, -\/&#8211;Ct\/kWh<\/span><\/p>\n<p><span style=\"font-size: small;\"><\/p>\n<p><strong>Hinweis:<\/strong><\/span><\/p>\n<p><span style=\"font-family: 'Bookman Old Style';\">\u00a0<\/span><\/p>\n<p><span style=\"font-family: 'Bookman Old Style'; font-size: small;\">Die Beschaffung der Verlustenergie erfolgte \u00fcber den intetgrierten Lieferanten. Um keine R\u00fcckschl\u00fcsse auf dessen Beschaffungspreis zuzulassen, kommt gem\u00e4\u00df VKU-Rundschreiben vom 2. August 2005 Anlage 4 der Schutz vertraulicher Daten (\u00a79 Abs. 1 EnWG) zur Anwendung.<\/span><\/p>\n","protected":false},"excerpt":{"rendered":"<p>Netzverluste (VNB) \u00a7 17 Abs. 2 Nr. 2, 3 und 7 StromNZV Nr. 2 \u2013 die Netzverluste Spannungsebene ________________Arbeit in kWh Mittelspannung&#8212;&#8212;&#8212;&#8212;&#8212;&#8212;&#8212;&#8212;&#8212;&#8212;&#8212;&#8212;7.700 Umspannung MS\/NS _______________ &#8212;&#8211;15.600 Niederspannung ________________&#8212;&#8212;&#8212;- 38.385__ Nr. <span class=\"readmore\"><a href=\"https:\/\/max-peissker.de\/?page_id=110\">Weiterlesen &#8230;<\/a><\/span><\/p>\n","protected":false},"author":1,"featured_media":0,"parent":32,"menu_order":0,"comment_status":"closed","ping_status":"closed","template":"","meta":[],"_links":{"self":[{"href":"https:\/\/max-peissker.de\/index.php?rest_route=\/wp\/v2\/pages\/110"}],"collection":[{"href":"https:\/\/max-peissker.de\/index.php?rest_route=\/wp\/v2\/pages"}],"about":[{"href":"https:\/\/max-peissker.de\/index.php?rest_route=\/wp\/v2\/types\/page"}],"author":[{"embeddable":true,"href":"https:\/\/max-peissker.de\/index.php?rest_route=\/wp\/v2\/users\/1"}],"replies":[{"embeddable":true,"href":"https:\/\/max-peissker.de\/index.php?rest_route=%2Fwp%2Fv2%2Fcomments&post=110"}],"version-history":[{"count":1,"href":"https:\/\/max-peissker.de\/index.php?rest_route=\/wp\/v2\/pages\/110\/revisions"}],"predecessor-version":[{"id":111,"href":"https:\/\/max-peissker.de\/index.php?rest_route=\/wp\/v2\/pages\/110\/revisions\/111"}],"up":[{"embeddable":true,"href":"https:\/\/max-peissker.de\/index.php?rest_route=\/wp\/v2\/pages\/32"}],"wp:attachment":[{"href":"https:\/\/max-peissker.de\/index.php?rest_route=%2Fwp%2Fv2%2Fmedia&parent=110"}],"curies":[{"name":"wp","href":"https:\/\/api.w.org\/{rel}","templated":true}]}}